{"id":1019,"date":"2025-08-29T14:11:37","date_gmt":"2025-08-29T14:11:37","guid":{"rendered":"https:\/\/33idees.fr\/newsletter\/"},"modified":"2025-09-20T16:02:21","modified_gmt":"2025-09-20T16:02:21","slug":"newsletter","status":"publish","type":"page","link":"https:\/\/33idees.fr\/de\/newsletter\/","title":{"rendered":"Newsletter"},"content":{"rendered":"\t\t<div data-elementor-type=\"wp-page\" data-elementor-id=\"1019\" class=\"elementor elementor-1019 elementor-208\" data-elementor-post-type=\"page\">\n\t\t\t\t<div class=\"elementor-element elementor-element-1c460d1 e-con-full e-flex e-con e-parent\" data-id=\"1c460d1\" data-element_type=\"container\" data-e-type=\"container\" data-settings=\"{&quot;background_background&quot;:&quot;classic&quot;,&quot;shape_divider_top&quot;:&quot;curve-asymmetrical&quot;}\">\n\t\t\t\t<div class=\"elementor-shape elementor-shape-top\" aria-hidden=\"true\" data-negative=\"false\">\n\t\t\t<svg xmlns=\"http:\/\/www.w3.org\/2000\/svg\" viewBox=\"0 0 1000 100\" preserveAspectRatio=\"none\">\n\t<path class=\"elementor-shape-fill\" d=\"M0,0c0,0,0,6,0,6.7c0,18,240.2,93.6,615.2,92.6C989.8,98.5,1000,25,1000,6.7c0-0.7,0-6.7,0-6.7H0z\"\/>\n<\/svg>\t\t<\/div>\n\t\t\t\t<\/div>\n\t\t<div class=\"elementor-element elementor-element-ff20675 e-grid e-con-boxed e-con e-parent\" data-id=\"ff20675\" data-element_type=\"container\" data-e-type=\"container\" data-settings=\"{&quot;background_background&quot;:&quot;classic&quot;}\">\n\t\t\t\t\t<div class=\"e-con-inner\">\n\t\t<div class=\"elementor-element elementor-element-749f303 e-con-full e-flex e-con e-child\" data-id=\"749f303\" data-element_type=\"container\" data-e-type=\"container\" data-settings=\"{&quot;background_background&quot;:&quot;classic&quot;}\">\n\t\t\t\t<div class=\"elementor-element elementor-element-8fc0ea0 elementor-widget elementor-widget-heading\" data-id=\"8fc0ea0\" data-element_type=\"widget\" data-e-type=\"widget\" data-widget_type=\"heading.default\">\n\t\t\t\t<div class=\"elementor-widget-container\">\n\t\t\t\t\t<h2 class=\"elementor-heading-title elementor-size-default\">Unsere Ideen \u2013 direkt in deinem Postfach<\/h2>\t\t\t\t<\/div>\n\t\t\t\t<\/div>\n\t\t\t\t<div class=\"elementor-element elementor-element-52de235 elementor-widget elementor-widget-text-editor\" data-id=\"52de235\" data-element_type=\"widget\" data-e-type=\"widget\" data-widget_type=\"text-editor.default\">\n\t\t\t\t<div class=\"elementor-widget-container\">\n\t\t\t\t\t\t\t\t\t<p><strong>Liebe Nachbarin, lieber Nachbar,<\/strong><\/p>\n<p>Wir leben in Vendays-Montalivet \u2013 Menschen wie du \u2013 und haben den Verein \u201e33 Ideen f\u00fcr Vendays-Montalivet\u201c gegr\u00fcndet.<\/p>\n<p>Unser Ziel: Bei der Kommunalwahl 2026 eine B\u00fcrgerliste aufzustellen \u2013 eine Liste f\u00fcr uns alle.<\/p>\n<p>Unsere Gemeinde ist schon jetzt ein sch\u00f6ner Ort zum Leben. Aber wir sind \u00fcberzeugt: Sie kann noch besser werden. Mit kleinen, konkreten Ideen wollen wir den Alltag einfacher, gerechter und gemeinschaftlicher gestalten \u2013 f\u00fcr jede und jeden.<\/p>\n<p><strong>Um diese Ideen mit dir zu teilen und gemeinsam voranzukommen, starten wir unseren B\u00fcrger-Newsletter. In den kommenden Monaten stellen wir dort regelm\u00e4\u00dfig unsere Vorschl\u00e4ge vor. Abonniere ihn, lies mit, sag deine Meinung und mach mit!<\/strong><\/p>\n\t\t\t\t\t\t\t\t<\/div>\n\t\t\t\t<\/div>\n\t\t\t\t<div class=\"elementor-element elementor-element-470185a elementor-widget elementor-widget-heading\" data-id=\"470185a\" data-element_type=\"widget\" data-e-type=\"widget\" data-widget_type=\"heading.default\">\n\t\t\t\t<div class=\"elementor-widget-container\">\n\t\t\t\t\t<div class=\"elementor-heading-title elementor-size-default\">Newsletter abonnieren!<\/div>\t\t\t\t<\/div>\n\t\t\t\t<\/div>\n\t\t\t\t<\/div>\n\t\t<div class=\"elementor-element elementor-element-2b7f6fe e-con-full e-flex e-con e-child\" data-id=\"2b7f6fe\" data-element_type=\"container\" data-e-type=\"container\" data-settings=\"{&quot;background_background&quot;:&quot;classic&quot;}\">\n\t\t\t\t<div class=\"elementor-element elementor-element-66b9483 elementor-widget elementor-widget-heading\" data-id=\"66b9483\" data-element_type=\"widget\" data-e-type=\"widget\" data-widget_type=\"heading.default\">\n\t\t\t\t<div class=\"elementor-widget-container\">\n\t\t\t\t\t<h2 class=\"elementor-heading-title elementor-size-default\">Newsletter<\/h2>\t\t\t\t<\/div>\n\t\t\t\t<\/div>\n\t\t\t\t<div class=\"elementor-element elementor-element-6a09524 elementor-widget elementor-widget-text-editor\" data-id=\"6a09524\" data-element_type=\"widget\" data-e-type=\"widget\" data-widget_type=\"text-editor.default\">\n\t\t\t\t<div class=\"elementor-widget-container\">\n\t\t\t\t\t\t\t\t\t<p>Lust, dabei zu sein?<\/p>\n<p>Melde dich f\u00fcr unseren Newsletter an.<\/p>\n<ul>\n<li>Sag uns, was dir wichtig ist.<\/li>\n<li>Teile deine Ideen.<\/li>\n<li>Mach mit.<\/li>\n<\/ul>\n\t\t\t\t\t\t\t\t<\/div>\n\t\t\t\t<\/div>\n\t\t\t\t<div class=\"elementor-element elementor-element-8151e1e elementor-tablet-button-align-stretch elementor-button-align-stretch elementor-widget elementor-widget-form\" data-id=\"8151e1e\" data-element_type=\"widget\" data-e-type=\"widget\" data-settings=\"{&quot;step_next_label&quot;:&quot;N\\u00e4chster&quot;,&quot;step_previous_label&quot;:&quot;Voriger&quot;,&quot;button_width_tablet&quot;:&quot;100&quot;,&quot;button_width&quot;:&quot;100&quot;,&quot;step_type&quot;:&quot;number_text&quot;,&quot;step_icon_shape&quot;:&quot;circle&quot;}\" data-widget_type=\"form.default\">\n\t\t\t\t<div class=\"elementor-widget-container\">\n\t\t\t\t\t\t\t<form class=\"elementor-form\" method=\"post\" name=\"Neues Formular\" aria-label=\"Neues Formular\">\n\t\t\t<input type=\"hidden\" name=\"post_id\" value=\"1019\"\/>\n\t\t\t<input type=\"hidden\" name=\"form_id\" value=\"8151e1e\"\/>\n\t\t\t<input type=\"hidden\" name=\"referer_title\" value=\"Newsletter | Bleib dran mit \u201e33 Ideen f\u00fcr Vendays-Montalivet\u201c\" \/>\n\n\t\t\t\t\t\t\t<input type=\"hidden\" name=\"queried_id\" value=\"1019\"\/>\n\t\t\t\n\t\t\t<div class=\"elementor-form-fields-wrapper elementor-labels-above\">\n\t\t\t\t\t\t\t\t<div class=\"elementor-field-type-email elementor-field-group elementor-column elementor-field-group-email elementor-col-100 elementor-field-required\">\n\t\t\t\t\t\t\t\t\t\t\t\t<label for=\"form-field-email\" class=\"elementor-field-label\">\n\t\t\t\t\t\t\t\tE-Mail-Adresse eingeben\t\t\t\t\t\t\t<\/label>\n\t\t\t\t\t\t\t\t\t\t\t\t\t\t<input size=\"1\" type=\"email\" name=\"form_fields[email]\" id=\"form-field-email\" class=\"elementor-field elementor-size-sm  elementor-field-textual\" placeholder=\"E-Mail-Adresse\" required=\"required\">\n\t\t\t\t\t\t\t\t\t\t\t<\/div>\n\t\t\t\t\t\t\t\t<div class=\"elementor-field-type-acceptance elementor-field-group elementor-column elementor-field-group-datenschutz elementor-col-100 elementor-field-required\">\n\t\t\t\t\t\t\t<div class=\"elementor-field-subgroup\">\n\t\t\t<span class=\"elementor-field-option\">\n\t\t\t\t<input type=\"checkbox\" name=\"form_fields[datenschutz]\" id=\"form-field-datenschutz\" class=\"elementor-field elementor-size-sm  elementor-acceptance-field\" required=\"required\">\n\t\t\t\t<label for=\"form-field-datenschutz\">Ich bin einverstanden, dass meine Daten gem\u00e4\u00df der <a href=\"https:\/\/33idees.fr\/de\/datenschutzerklaerung\/\" target=\"_blank\" rel=\"noopener noreferrer\" style=\"color:inherit; text-decoration:underline;\"> Datenschutzerkl\u00e4rung von 33 Ideen <\/a> und der <a href=\"https:\/\/www.brevo.com\/de\/legal\/privacypolicy\/\" target=\"_blank\" rel=\"noopener noreferrer\" style=\"color:inherit; text-decoration:underline;\">Datenschutzerkl\u00e4rung von Brevo <\/a> verarbeitet werden.<\/label>\t\t\t<\/span>\n\t\t<\/div>\n\t\t\t\t\t\t<\/div>\n\t\t\t\t\t\t\t\t<div class=\"elementor-field-type-html elementor-field-group elementor-column elementor-field-group-field_fea1ebe elementor-col-100\">\n\t\t\t\t\t<p>Du kannst den Newsletter jederzeit \u00fcber den Abmeldelink in jeder E-Mail abbestellen. Wir nutzen Brevo als Marketing-Plattform. Durch das Absenden dieses Formulars erkl\u00e4rst du dich damit einverstanden, dass deine Angaben zur Verarbeitung an Brevo \u00fcbermittelt werden \u2013 entsprechend der <a href=\"https:\/\/www.brevo.com\/de\/legal\/privacypolicy\/\" target=\"_blank\" rel=\"noopener noreferrer\" style=\"color:#ffffff; font-weight:600; text-decoration:underline;\">Datenschutzerkl\u00e4rung von Brevo<\/a>.\r\n<\/p>\t\t\t\t<\/div>\n\t\t\t\t\t\t\t\t<div class=\"elementor-field-group elementor-column elementor-field-type-submit elementor-col-100 e-form__buttons elementor-md-100\">\n\t\t\t\t\t<button class=\"elementor-button elementor-size-sm\" type=\"submit\">\n\t\t\t\t\t\t<span class=\"elementor-button-content-wrapper\">\n\t\t\t\t\t\t\t\t\t\t\t\t\t\t\t\t\t\t\t\t\t\t<span class=\"elementor-button-text\">ABONNIEREN<\/span>\n\t\t\t\t\t\t\t\t\t\t\t\t\t<\/span>\n\t\t\t\t\t<\/button>\n\t\t\t\t<\/div>\n\t\t\t<\/div>\n\t\t<input\n                    class=\"apbct_special_field apbct_email_id__elementor_form\"\n                    name=\"apbct__email_id__elementor_form\"\n                    aria-label=\"Neues Formular\"\n                    type=\"text\" size=\"30\" maxlength=\"200\" autocomplete=\"off\"\n                    value=\"\"\n                \/><\/form>\n\t\t\t\t\t\t<\/div>\n\t\t\t\t<\/div>\n\t\t\t\t<\/div>\n\t\t\t\t\t<\/div>\n\t\t\t\t<\/div>\n\t\t<div class=\"elementor-element elementor-element-1bac1a0 e-con-full e-flex e-con e-parent\" data-id=\"1bac1a0\" data-element_type=\"container\" data-e-type=\"container\" data-settings=\"{&quot;background_background&quot;:&quot;classic&quot;,&quot;shape_divider_bottom&quot;:&quot;curve-asymmetrical&quot;}\">\n\t\t\t\t<div class=\"elementor-shape elementor-shape-bottom\" aria-hidden=\"true\" data-negative=\"false\">\n\t\t\t<svg xmlns=\"http:\/\/www.w3.org\/2000\/svg\" viewBox=\"0 0 1000 100\" preserveAspectRatio=\"none\">\n\t<path class=\"elementor-shape-fill\" d=\"M0,0c0,0,0,6,0,6.7c0,18,240.2,93.6,615.2,92.6C989.8,98.5,1000,25,1000,6.7c0-0.7,0-6.7,0-6.7H0z\"\/>\n<\/svg>\t\t<\/div>\n\t\t\t\t<\/div>\n\t\t\t\t<\/div>\n\t\t","protected":false},"excerpt":{"rendered":"<p>Unsere Ideen \u2013 direkt in deinem Postfach Liebe Nachbarin, lieber Nachbar, Wir leben in Vendays-Montalivet \u2013 Menschen wie du \u2013 und haben den Verein \u201e33 Ideen f\u00fcr Vendays-Montalivet\u201c gegr\u00fcndet. Unser Ziel: Bei der Kommunalwahl 2026 eine B\u00fcrgerliste aufzustellen \u2013 eine Liste f\u00fcr uns alle. Unsere Gemeinde ist schon jetzt ein sch\u00f6ner Ort zum Leben. Aber [&hellip;]<\/p>\n","protected":false},"author":3,"featured_media":0,"parent":0,"menu_order":30,"comment_status":"closed","ping_status":"closed","template":"","meta":{"footnotes":""},"class_list":["post-1019","page","type-page","status-publish","hentry"],"_links":{"self":[{"href":"https:\/\/33idees.fr\/de\/wp-json\/wp\/v2\/pages\/1019","targetHints":{"allow":["GET"]}}],"collection":[{"href":"https:\/\/33idees.fr\/de\/wp-json\/wp\/v2\/pages"}],"about":[{"href":"https:\/\/33idees.fr\/de\/wp-json\/wp\/v2\/types\/page"}],"author":[{"embeddable":true,"href":"https:\/\/33idees.fr\/de\/wp-json\/wp\/v2\/users\/3"}],"replies":[{"embeddable":true,"href":"https:\/\/33idees.fr\/de\/wp-json\/wp\/v2\/comments?post=1019"}],"version-history":[{"count":2,"href":"https:\/\/33idees.fr\/de\/wp-json\/wp\/v2\/pages\/1019\/revisions"}],"predecessor-version":[{"id":1178,"href":"https:\/\/33idees.fr\/de\/wp-json\/wp\/v2\/pages\/1019\/revisions\/1178"}],"wp:attachment":[{"href":"https:\/\/33idees.fr\/de\/wp-json\/wp\/v2\/media?parent=1019"}],"curies":[{"name":"wp","href":"https:\/\/api.w.org\/{rel}","templated":true}]}}