{"id":1057,"date":"2025-08-30T06:00:03","date_gmt":"2025-08-30T06:00:03","guid":{"rendered":"https:\/\/33idees.fr\/impressum\/"},"modified":"2025-09-20T14:42:59","modified_gmt":"2025-09-20T14:42:59","slug":"impressum","status":"publish","type":"page","link":"https:\/\/33idees.fr\/de\/impressum\/","title":{"rendered":"Impressum"},"content":{"rendered":"\t\t<div data-elementor-type=\"wp-page\" data-elementor-id=\"1057\" class=\"elementor elementor-1057 elementor-377\" data-elementor-post-type=\"page\">\n\t\t\t\t<div class=\"elementor-element elementor-element-a050a0e e-con-full e-flex e-con e-parent\" data-id=\"a050a0e\" data-element_type=\"container\" data-e-type=\"container\" data-settings=\"{&quot;background_background&quot;:&quot;classic&quot;,&quot;shape_divider_top&quot;:&quot;curve-asymmetrical&quot;}\">\n\t\t\t\t<div class=\"elementor-shape elementor-shape-top\" aria-hidden=\"true\" data-negative=\"false\">\n\t\t\t<svg xmlns=\"http:\/\/www.w3.org\/2000\/svg\" viewBox=\"0 0 1000 100\" preserveAspectRatio=\"none\">\n\t<path class=\"elementor-shape-fill\" d=\"M0,0c0,0,0,6,0,6.7c0,18,240.2,93.6,615.2,92.6C989.8,98.5,1000,25,1000,6.7c0-0.7,0-6.7,0-6.7H0z\"\/>\n<\/svg>\t\t<\/div>\n\t\t\t\t<\/div>\n\t\t<div class=\"elementor-element elementor-element-44b074e e-grid e-con-boxed e-con e-parent\" data-id=\"44b074e\" data-element_type=\"container\" data-e-type=\"container\" data-settings=\"{&quot;background_background&quot;:&quot;classic&quot;}\">\n\t\t\t\t\t<div class=\"e-con-inner\">\n\t\t<div class=\"elementor-element elementor-element-4ca741d e-con-full e-flex e-con e-child\" data-id=\"4ca741d\" data-element_type=\"container\" data-e-type=\"container\" data-settings=\"{&quot;background_background&quot;:&quot;classic&quot;}\">\n\t\t\t\t<div class=\"elementor-element elementor-element-160a923 elementor-widget elementor-widget-heading\" data-id=\"160a923\" data-element_type=\"widget\" data-e-type=\"widget\" data-widget_type=\"heading.default\">\n\t\t\t\t<div class=\"elementor-widget-container\">\n\t\t\t\t\t<h2 class=\"elementor-heading-title elementor-size-default\">Impressum<\/h2>\t\t\t\t<\/div>\n\t\t\t\t<\/div>\n\t\t\t\t<div class=\"elementor-element elementor-element-f7ce775 elementor-widget elementor-widget-text-editor\" data-id=\"f7ce775\" data-element_type=\"widget\" data-e-type=\"widget\" data-widget_type=\"text-editor.default\">\n\t\t\t\t<div class=\"elementor-widget-container\">\n\t\t\t\t\t\t\t\t\t<ul>\n<li><strong>Verein:<\/strong> 33 Ideen f\u00fcr Vendays-Montalivet<\/li>\n<li><strong>Rechtsform:<\/strong> Verein nach dem franz\u00f6sischen Gesetz von 1901 \u2013 unabh\u00e4ngige B\u00fcrgerliste unter dem Namen \u201e33 Ideen f\u00fcr Vendays-Montalivet\u201c<\/li>\n<li><strong>Vereinsnummer (RNA):<\/strong> W334006252<\/li>\n<li><strong>Zweck:<\/strong> Unterst\u00fctzung, Organisation und Koordination einer unabh\u00e4ngigen B\u00fcrgerliste zur Teilnahme an den Kommunalwahlen in Vendays-Montalivet<\/li>\n<li><strong>Vereinssitz:<\/strong> 46 avenue de l\u2019Europe, BP 63, 33930 Vendays-Montalivet, Frankreich<\/li>\n<li><strong>Vorsitzende:<\/strong> Paula SCHOLEMANN<\/li>\n<li><strong>Verantwortlich f\u00fcr die Ver\u00f6ffentlichung:<\/strong> Paula SCHOLEMANN, Vorsitzende<\/li>\n<li><strong>Redaktionsteam:<\/strong> Das Team von \u201e33 Ideen f\u00fcr Vendays-Montalivet\u201c<\/li>\n<li><strong>Kontakt:<\/strong> <span \n                data-original-string='tRiFtI7zmhIC64sBNQHv6w==113z2KmAR+oH3t4A9SYuUSc2JRGfQZvdujEAgMqtffis4o='\n                class='apbct-email-encoder'\n                title='Dieser Kontakt wurde von Anti-Spam by CleanTalk verschl\u00fcsselt. Klicken Sie hier, um ihn zu entschl\u00fcsseln. Um die Entschl\u00fcsselung abzuschlie\u00dfen, stellen Sie sicher, dass JavaScript in Ihrem Browser aktiviert ist.'>bo<span class=\"apbct-blur\">*****<\/span>@<span class=\"apbct-blur\">*****<\/span>es.fr<\/span><\/li>\n<\/ul>\n<p><strong>Webhosting:<\/strong><br \/>IONOS SARL<br \/>7, place de la Gare \u2013 BP 70109<br \/>57201 Sarreguemines Cedex \u2013 Frankreich<br \/>Telefon: 0970 808 911<\/p>\n<p><strong>Urheberrecht:<\/strong><br \/>Die Inhalte dieser Website (Texte, Bilder, Grafiken, Logo) sind Eigentum des Vereins \u201e33 Ideen f\u00fcr Vendays-Montalivet\u201c. Jegliche vollst\u00e4ndige oder teilweise Vervielf\u00e4ltigung oder Verbreitung ohne vorherige Genehmigung ist untersagt.<\/p>\n<p><strong>Personenbezogene Daten:<\/strong><br \/>Die erfassten Informationen (z.\u202fB. \u00fcber das Newsletter-Formular) sind ausschlie\u00dflich f\u00fcr den Verein \u201e33 Ideen f\u00fcr Vendays-Montalivet\u201c bestimmt.Gem\u00e4\u00df der Datenschutz-Grundverordnung (DSGVO) und dem franz\u00f6sischen Datenschutzgesetz hast du das Recht auf Auskunft, Berichtigung und L\u00f6schung deiner Daten.Um diese Rechte auszu\u00fcben, schreib uns bitte an: <span \n                data-original-string='9Z3zO7ZAzApsWNULzXXiNQ==113bzA\/CuDrvVqWpFbb0Pa\/ek0XnMu6Nj\/njNt5r+t9grA='\n                class='apbct-email-encoder'\n                title='Dieser Kontakt wurde von Anti-Spam by CleanTalk verschl\u00fcsselt. Klicken Sie hier, um ihn zu entschl\u00fcsseln. Um die Entschl\u00fcsselung abzuschlie\u00dfen, stellen Sie sicher, dass JavaScript in Ihrem Browser aktiviert ist.'>bo<span class=\"apbct-blur\">*****<\/span>@<span class=\"apbct-blur\">*****<\/span>es.fr<\/span><\/p>\n\t\t\t\t\t\t\t\t<\/div>\n\t\t\t\t<\/div>\n\t\t\t\t<\/div>\n\t\t\t\t\t<\/div>\n\t\t\t\t<\/div>\n\t\t<div class=\"elementor-element elementor-element-8453d85 e-con-full e-flex e-con e-parent\" data-id=\"8453d85\" data-element_type=\"container\" data-e-type=\"container\" data-settings=\"{&quot;background_background&quot;:&quot;classic&quot;,&quot;shape_divider_bottom&quot;:&quot;curve-asymmetrical&quot;}\">\n\t\t\t\t<div class=\"elementor-shape elementor-shape-bottom\" aria-hidden=\"true\" data-negative=\"false\">\n\t\t\t<svg xmlns=\"http:\/\/www.w3.org\/2000\/svg\" viewBox=\"0 0 1000 100\" preserveAspectRatio=\"none\">\n\t<path class=\"elementor-shape-fill\" d=\"M0,0c0,0,0,6,0,6.7c0,18,240.2,93.6,615.2,92.6C989.8,98.5,1000,25,1000,6.7c0-0.7,0-6.7,0-6.7H0z\"\/>\n<\/svg>\t\t<\/div>\n\t\t\t\t<\/div>\n\t\t\t\t<\/div>\n\t\t","protected":false},"excerpt":{"rendered":"<p>Impressum Verein: 33 Ideen f\u00fcr Vendays-Montalivet Rechtsform: Verein nach dem franz\u00f6sischen Gesetz von 1901 \u2013 unabh\u00e4ngige B\u00fcrgerliste unter dem Namen \u201e33 Ideen f\u00fcr Vendays-Montalivet\u201c Vereinsnummer (RNA): W334006252 Zweck: Unterst\u00fctzung, Organisation und Koordination einer unabh\u00e4ngigen B\u00fcrgerliste zur Teilnahme an den Kommunalwahlen in Vendays-Montalivet Vereinssitz: 46 avenue de l\u2019Europe, BP 63, 33930 Vendays-Montalivet, Frankreich Vorsitzende: Paula SCHOLEMANN [&hellip;]<\/p>\n","protected":false},"author":3,"featured_media":0,"parent":0,"menu_order":40,"comment_status":"closed","ping_status":"closed","template":"","meta":{"footnotes":""},"class_list":["post-1057","page","type-page","status-publish","hentry"],"_links":{"self":[{"href":"https:\/\/33idees.fr\/de\/wp-json\/wp\/v2\/pages\/1057","targetHints":{"allow":["GET"]}}],"collection":[{"href":"https:\/\/33idees.fr\/de\/wp-json\/wp\/v2\/pages"}],"about":[{"href":"https:\/\/33idees.fr\/de\/wp-json\/wp\/v2\/types\/page"}],"author":[{"embeddable":true,"href":"https:\/\/33idees.fr\/de\/wp-json\/wp\/v2\/users\/3"}],"replies":[{"embeddable":true,"href":"https:\/\/33idees.fr\/de\/wp-json\/wp\/v2\/comments?post=1057"}],"version-history":[{"count":1,"href":"https:\/\/33idees.fr\/de\/wp-json\/wp\/v2\/pages\/1057\/revisions"}],"predecessor-version":[{"id":1058,"href":"https:\/\/33idees.fr\/de\/wp-json\/wp\/v2\/pages\/1057\/revisions\/1058"}],"wp:attachment":[{"href":"https:\/\/33idees.fr\/de\/wp-json\/wp\/v2\/media?parent=1057"}],"curies":[{"name":"wp","href":"https:\/\/api.w.org\/{rel}","templated":true}]}}