{"id":945,"date":"2025-08-23T12:33:25","date_gmt":"2025-08-23T12:33:25","guid":{"rendered":"https:\/\/33idees.fr\/start\/"},"modified":"2025-10-04T11:52:58","modified_gmt":"2025-10-04T11:52:58","slug":"start","status":"publish","type":"page","link":"https:\/\/33idees.fr\/de\/","title":{"rendered":"Start"},"content":{"rendered":"\t\t<div data-elementor-type=\"wp-page\" data-elementor-id=\"945\" class=\"elementor elementor-945 elementor-47\" data-elementor-post-type=\"page\">\n\t\t\t\t<div class=\"elementor-element elementor-element-a528817 e-flex e-con-boxed e-con e-parent\" data-id=\"a528817\" data-element_type=\"container\" data-e-type=\"container\">\n\t\t\t\t\t<div class=\"e-con-inner\">\n\t\t<div class=\"elementor-element elementor-element-36ef4d1 e-con-full e-flex e-con e-child\" data-id=\"36ef4d1\" data-element_type=\"container\" data-e-type=\"container\">\n\t\t\t\t<div class=\"elementor-element elementor-element-b9caac1 elementor-widget elementor-widget-heading\" data-id=\"b9caac1\" data-element_type=\"widget\" data-e-type=\"widget\" data-widget_type=\"heading.default\">\n\t\t\t\t<div class=\"elementor-widget-container\">\n\t\t\t\t\t<h2 class=\"elementor-heading-title elementor-size-default\">33 Ideen f\u00fcr Vendays-Montalivet<\/h2>\t\t\t\t<\/div>\n\t\t\t\t<\/div>\n\t\t\t\t<div class=\"elementor-element elementor-element-cbd3abb elementor-widget elementor-widget-heading\" data-id=\"cbd3abb\" data-element_type=\"widget\" data-e-type=\"widget\" data-widget_type=\"heading.default\">\n\t\t\t\t<div class=\"elementor-widget-container\">\n\t\t\t\t\t<h1 class=\"elementor-heading-title elementor-size-default\">mit kleinen Dingen Gro\u00dfes bewirken <\/h1>\t\t\t\t<\/div>\n\t\t\t\t<\/div>\n\t\t\t\t<div class=\"elementor-element elementor-element-3031d86 elementor-widget elementor-widget-text-editor\" data-id=\"3031d86\" data-element_type=\"widget\" data-e-type=\"widget\" data-widget_type=\"text-editor.default\">\n\t\t\t\t<div class=\"elementor-widget-container\">\n\t\t\t\t\t\t\t\t\t<p><strong>Liebe Nachbarinnen und Nachbarn,<\/strong><\/p>\n<p>wir leben in Vendays-Montalivet \u2013 genau wie ihr \u2013 und haben den Verein <strong>\u201e33 Ideen f\u00fcr Vendays-Montalivet\u201c<\/strong> gegr\u00fcndet.<\/p>\n<p>Unser Ziel: Zur Kommunalwahl 2026 eine B\u00fcrgerliste aufzustellen \u2013 eine Liste von und f\u00fcr uns alle.<\/p>\n<p>Vendays-Montalivet ist schon heute ein lebenswerter Ort. Und doch sind wir \u00fcberzeugt: Es geht noch besser. Mit konkreten, alltagstauglichen Ideen wollen wir das Leben hier einfacher, gerechter und gemeinschaftlicher gestalten.<\/p>\n<p>In n\u00e4chster Zeit stellen wir euch regelm\u00e4\u00dfig unsere Vorschl\u00e4ge vor \u2013 und freuen uns, wenn ihr mitlest, eure Meinung sagt und mitgestaltet.<\/p>\n\t\t\t\t\t\t\t\t<\/div>\n\t\t\t\t<\/div>\n\t\t\t\t<div class=\"elementor-element elementor-element-a06fb65 elementor-align-justify elementor-widget elementor-widget-button\" data-id=\"a06fb65\" data-element_type=\"widget\" data-e-type=\"widget\" data-widget_type=\"button.default\">\n\t\t\t\t<div class=\"elementor-widget-container\">\n\t\t\t\t\t\t\t\t\t<div class=\"elementor-button-wrapper\">\n\t\t\t\t\t<a class=\"elementor-button elementor-button-link elementor-size-sm elementor-animation-grow\" href=\"#newsletter\">\n\t\t\t\t\t\t<span class=\"elementor-button-content-wrapper\">\n\t\t\t\t\t\t\t\t\t<span class=\"elementor-button-text\">Jetzt Newsletter abonnieren<\/span>\n\t\t\t\t\t<\/span>\n\t\t\t\t\t<\/a>\n\t\t\t\t<\/div>\n\t\t\t\t\t\t\t\t<\/div>\n\t\t\t\t<\/div>\n\t\t\t\t<\/div>\n\t\t<div class=\"elementor-element elementor-element-4a631c9 e-con-full elementor-hidden-tablet elementor-hidden-mobile e-flex e-con e-child\" data-id=\"4a631c9\" data-element_type=\"container\" data-e-type=\"container\" data-settings=\"{&quot;background_background&quot;:&quot;classic&quot;}\">\n\t\t\t\t<div class=\"elementor-element elementor-element-2dd5f50 elementor-widget elementor-widget-image\" data-id=\"2dd5f50\" data-element_type=\"widget\" data-e-type=\"widget\" data-widget_type=\"image.default\">\n\t\t\t\t<div class=\"elementor-widget-container\">\n\t\t\t\t\t\t\t\t\t\t\t\t\t\t\t<img fetchpriority=\"high\" decoding=\"async\" width=\"500\" height=\"800\" src=\"https:\/\/33idees.fr\/wp-content\/uploads\/2025\/10\/33-idees-vendays-montalivet.webp\" class=\"attachment-large size-large wp-image-1414\" alt=\"\" srcset=\"https:\/\/33idees.fr\/wp-content\/uploads\/2025\/10\/33-idees-vendays-montalivet.webp 500w, https:\/\/33idees.fr\/wp-content\/uploads\/2025\/10\/33-idees-vendays-montalivet-188x300.webp 188w\" sizes=\"(max-width: 500px) 100vw, 500px\" \/>\t\t\t\t\t\t\t\t\t\t\t\t\t\t\t<\/div>\n\t\t\t\t<\/div>\n\t\t\t\t<\/div>\n\t\t<div class=\"elementor-element elementor-element-671bc50 e-con-full elementor-hidden-desktop e-flex e-con e-child\" data-id=\"671bc50\" data-element_type=\"container\" data-e-type=\"container\" data-settings=\"{&quot;background_background&quot;:&quot;classic&quot;}\">\n\t\t\t\t<div class=\"elementor-element elementor-element-a4e9535 elementor-widget elementor-widget-image\" data-id=\"a4e9535\" data-element_type=\"widget\" data-e-type=\"widget\" data-widget_type=\"image.default\">\n\t\t\t\t<div class=\"elementor-widget-container\">\n\t\t\t\t\t\t\t\t\t\t\t\t\t\t\t<img decoding=\"async\" width=\"800\" height=\"800\" src=\"https:\/\/33idees.fr\/wp-content\/uploads\/2025\/10\/33-idees-vendays-montalivet-Q.webp\" class=\"attachment-large size-large wp-image-1415\" alt=\"\" srcset=\"https:\/\/33idees.fr\/wp-content\/uploads\/2025\/10\/33-idees-vendays-montalivet-Q.webp 800w, https:\/\/33idees.fr\/wp-content\/uploads\/2025\/10\/33-idees-vendays-montalivet-Q-300x300.webp 300w, https:\/\/33idees.fr\/wp-content\/uploads\/2025\/10\/33-idees-vendays-montalivet-Q-150x150.webp 150w, https:\/\/33idees.fr\/wp-content\/uploads\/2025\/10\/33-idees-vendays-montalivet-Q-768x768.webp 768w, https:\/\/33idees.fr\/wp-content\/uploads\/2025\/10\/33-idees-vendays-montalivet-Q-700x700.webp 700w\" sizes=\"(max-width: 800px) 100vw, 800px\" \/>\t\t\t\t\t\t\t\t\t\t\t\t\t\t\t<\/div>\n\t\t\t\t<\/div>\n\t\t\t\t<\/div>\n\t\t\t\t\t<\/div>\n\t\t\t\t<\/div>\n\t\t<div class=\"elementor-element elementor-element-aaa6c71 e-con-full e-flex e-con e-parent\" data-id=\"aaa6c71\" data-element_type=\"container\" data-e-type=\"container\" data-settings=\"{&quot;background_background&quot;:&quot;classic&quot;,&quot;shape_divider_top&quot;:&quot;curve-asymmetrical&quot;}\">\n\t\t\t\t<div class=\"elementor-shape elementor-shape-top\" aria-hidden=\"true\" data-negative=\"false\">\n\t\t\t<svg xmlns=\"http:\/\/www.w3.org\/2000\/svg\" viewBox=\"0 0 1000 100\" preserveAspectRatio=\"none\">\n\t<path class=\"elementor-shape-fill\" d=\"M0,0c0,0,0,6,0,6.7c0,18,240.2,93.6,615.2,92.6C989.8,98.5,1000,25,1000,6.7c0-0.7,0-6.7,0-6.7H0z\"\/>\n<\/svg>\t\t<\/div>\n\t\t\t\t<\/div>\n\t\t<div class=\"elementor-element elementor-element-5cd84d0 e-grid e-con-boxed e-con e-parent\" data-id=\"5cd84d0\" data-element_type=\"container\" data-e-type=\"container\" id=\"newsletter\" data-settings=\"{&quot;background_background&quot;:&quot;classic&quot;}\">\n\t\t\t\t\t<div class=\"e-con-inner\">\n\t\t<div class=\"elementor-element elementor-element-327c64b e-con-full e-flex e-con e-child\" data-id=\"327c64b\" data-element_type=\"container\" data-e-type=\"container\" data-settings=\"{&quot;background_background&quot;:&quot;classic&quot;}\">\n\t\t\t\t<div class=\"elementor-element elementor-element-fdd4c2e elementor-widget elementor-widget-heading\" data-id=\"fdd4c2e\" data-element_type=\"widget\" data-e-type=\"widget\" data-widget_type=\"heading.default\">\n\t\t\t\t<div class=\"elementor-widget-container\">\n\t\t\t\t\t<h2 class=\"elementor-heading-title elementor-size-default\">Was uns wichtig ist<\/h2>\t\t\t\t<\/div>\n\t\t\t\t<\/div>\n\t\t\t\t<div class=\"elementor-element elementor-element-1fb7ea4 elementor-widget elementor-widget-text-editor\" data-id=\"1fb7ea4\" data-element_type=\"widget\" data-e-type=\"widget\" data-widget_type=\"text-editor.default\">\n\t\t\t\t<div class=\"elementor-widget-container\">\n\t\t\t\t\t\t\t\t\t<ul>\n<li>Auch wenn wir Kritik \u00fcben, bleiben wir sachlich und respektvoll.<\/li>\n<li>Wir glauben daran, dass jede und jeder sich mit gutem Willen einbringt.<\/li>\n<li>Unser Ansatz ist offen, konstruktiv und l\u00f6sungsorientiert.<\/li>\n<\/ul>\n<p>Denn nur gemeinsam k\u00f6nnen wir daf\u00fcr sorgen, dass Vendays-Montalivet nicht einfach bleibt, wie es ist \u2013 sondern sich weiterentwickelt und noch lebenswerter wird.<\/p>\n<p>Wir sehen uns \u2013 auf dem Markt, im Caf\u00e9 oder beim n\u00e4chsten Dorffest!<\/p>\n\t\t\t\t\t\t\t\t<\/div>\n\t\t\t\t<\/div>\n\t\t\t\t<div class=\"elementor-element elementor-element-f65fc6d elementor-widget elementor-widget-heading\" data-id=\"f65fc6d\" data-element_type=\"widget\" data-e-type=\"widget\" data-widget_type=\"heading.default\">\n\t\t\t\t<div class=\"elementor-widget-container\">\n\t\t\t\t\t<div class=\"elementor-heading-title elementor-size-default\">Euer Team von<br>33 Ideen f\u00fcr Vendays-Montalivet<\/div>\t\t\t\t<\/div>\n\t\t\t\t<\/div>\n\t\t\t\t<\/div>\n\t\t<div class=\"elementor-element elementor-element-785eda9 e-con-full e-flex e-con e-child\" data-id=\"785eda9\" data-element_type=\"container\" data-e-type=\"container\" data-settings=\"{&quot;background_background&quot;:&quot;classic&quot;}\">\n\t\t\t\t<div class=\"elementor-element elementor-element-383864a elementor-widget elementor-widget-heading\" data-id=\"383864a\" data-element_type=\"widget\" data-e-type=\"widget\" data-widget_type=\"heading.default\">\n\t\t\t\t<div class=\"elementor-widget-container\">\n\t\t\t\t\t<h2 class=\"elementor-heading-title elementor-size-default\">Newsletter<\/h2>\t\t\t\t<\/div>\n\t\t\t\t<\/div>\n\t\t\t\t<div class=\"elementor-element elementor-element-00e9be1 elementor-widget elementor-widget-text-editor\" data-id=\"00e9be1\" data-element_type=\"widget\" data-e-type=\"widget\" data-widget_type=\"text-editor.default\">\n\t\t\t\t<div class=\"elementor-widget-container\">\n\t\t\t\t\t\t\t\t\t<p>Neugierig geworden?<\/p>\n<p>Dann trag dich in unseren Newsletter ein.<\/p>\n<ul>\n<li>Sag uns, was dir wichtig ist.<\/li>\n<li>Teil deine Ideen.<\/li>\n<li>Mach mit.<\/li>\n<\/ul>\n\t\t\t\t\t\t\t\t<\/div>\n\t\t\t\t<\/div>\n\t\t\t\t<div class=\"elementor-element elementor-element-347a109 elementor-tablet-button-align-stretch elementor-button-align-stretch elementor-widget elementor-widget-form\" data-id=\"347a109\" data-element_type=\"widget\" data-e-type=\"widget\" data-settings=\"{&quot;step_next_label&quot;:&quot;N\\u00e4chster&quot;,&quot;step_previous_label&quot;:&quot;Voriger&quot;,&quot;button_width_tablet&quot;:&quot;100&quot;,&quot;button_width&quot;:&quot;100&quot;,&quot;step_type&quot;:&quot;number_text&quot;,&quot;step_icon_shape&quot;:&quot;circle&quot;}\" data-widget_type=\"form.default\">\n\t\t\t\t<div class=\"elementor-widget-container\">\n\t\t\t\t\t\t\t<form class=\"elementor-form\" method=\"post\" name=\"Neues Formular\" aria-label=\"Neues Formular\">\n\t\t\t<input type=\"hidden\" name=\"post_id\" value=\"945\"\/>\n\t\t\t<input type=\"hidden\" name=\"form_id\" value=\"347a109\"\/>\n\t\t\t<input type=\"hidden\" name=\"referer_title\" value=\"33 Ideen f\u00fcr Vendays-Montalivet | B\u00fcrgerbeteiligung\" \/>\n\n\t\t\t\t\t\t\t<input type=\"hidden\" name=\"queried_id\" value=\"945\"\/>\n\t\t\t\n\t\t\t<div class=\"elementor-form-fields-wrapper elementor-labels-above\">\n\t\t\t\t\t\t\t\t<div class=\"elementor-field-type-email elementor-field-group elementor-column elementor-field-group-email elementor-col-100 elementor-field-required\">\n\t\t\t\t\t\t\t\t\t\t\t\t<label for=\"form-field-email\" class=\"elementor-field-label\">\n\t\t\t\t\t\t\t\tE-Mail-Adresse eingeben\t\t\t\t\t\t\t<\/label>\n\t\t\t\t\t\t\t\t\t\t\t\t\t\t<input size=\"1\" type=\"email\" name=\"form_fields[email]\" id=\"form-field-email\" class=\"elementor-field elementor-size-sm  elementor-field-textual\" placeholder=\"E-Mail-Adresse\" required=\"required\">\n\t\t\t\t\t\t\t\t\t\t\t<\/div>\n\t\t\t\t\t\t\t\t<div class=\"elementor-field-type-acceptance elementor-field-group elementor-column elementor-field-group-datenschutz elementor-col-100 elementor-field-required\">\n\t\t\t\t\t\t\t<div class=\"elementor-field-subgroup\">\n\t\t\t<span class=\"elementor-field-option\">\n\t\t\t\t<input type=\"checkbox\" name=\"form_fields[datenschutz]\" id=\"form-field-datenschutz\" class=\"elementor-field elementor-size-sm  elementor-acceptance-field\" required=\"required\">\n\t\t\t\t<label for=\"form-field-datenschutz\">Ich bin einverstanden, dass meine Daten gem\u00e4\u00df der <a href=\"https:\/\/33idees.fr\/de\/datenschutzerklaerung\/\" target=\"_blank\" rel=\"noopener noreferrer\" style=\"color:inherit; text-decoration:underline;\"> Datenschutzerkl\u00e4rung von 33 Ideen <\/a> und der <a href=\"https:\/\/www.brevo.com\/de\/legal\/privacypolicy\/\" target=\"_blank\" rel=\"noopener noreferrer\" style=\"color:inherit; text-decoration:underline;\">Datenschutzerkl\u00e4rung von Brevo <\/a> verarbeitet werden.<\/label>\t\t\t<\/span>\n\t\t<\/div>\n\t\t\t\t\t\t<\/div>\n\t\t\t\t\t\t\t\t<div class=\"elementor-field-type-html elementor-field-group elementor-column elementor-field-group-field_fea1ebe elementor-col-100\">\n\t\t\t\t\t<p>Du kannst den Newsletter jederzeit \u00fcber den Abmeldelink in jeder E-Mail abbestellen. Wir nutzen Brevo als Marketing-Plattform. Durch das Absenden dieses Formulars erkl\u00e4rst du dich damit einverstanden, dass deine Angaben zur Verarbeitung an Brevo \u00fcbermittelt werden \u2013 entsprechend der  <a href=\"https:\/\/www.brevo.com\/de\/legal\/privacypolicy\/\" target=\"_blank\" rel=\"noopener noreferrer\" style=\"color:#ffffff; font-weight:600; text-decoration:underline;\"> Datenschutzerkl\u00e4rung von Brevo<\/a>.\r\n<\/p>\t\t\t\t<\/div>\n\t\t\t\t\t\t\t\t<div class=\"elementor-field-group elementor-column elementor-field-type-submit elementor-col-100 e-form__buttons elementor-md-100\">\n\t\t\t\t\t<button class=\"elementor-button elementor-size-sm\" type=\"submit\">\n\t\t\t\t\t\t<span class=\"elementor-button-content-wrapper\">\n\t\t\t\t\t\t\t\t\t\t\t\t\t\t\t\t\t\t\t\t\t\t<span class=\"elementor-button-text\">ABONNIEREN<\/span>\n\t\t\t\t\t\t\t\t\t\t\t\t\t<\/span>\n\t\t\t\t\t<\/button>\n\t\t\t\t<\/div>\n\t\t\t<\/div>\n\t\t<input\n                    class=\"apbct_special_field apbct_email_id__elementor_form\"\n                    name=\"apbct__email_id__elementor_form\"\n                    aria-label=\"Neues Formular\"\n                    type=\"text\" size=\"30\" maxlength=\"200\" autocomplete=\"off\"\n                    value=\"\"\n                \/><\/form>\n\t\t\t\t\t\t<\/div>\n\t\t\t\t<\/div>\n\t\t\t\t<\/div>\n\t\t\t\t\t<\/div>\n\t\t\t\t<\/div>\n\t\t<div class=\"elementor-element elementor-element-1941c3c e-con-full e-flex e-con e-parent\" data-id=\"1941c3c\" data-element_type=\"container\" data-e-type=\"container\" data-settings=\"{&quot;background_background&quot;:&quot;classic&quot;,&quot;shape_divider_bottom&quot;:&quot;curve-asymmetrical&quot;}\">\n\t\t\t\t<div class=\"elementor-shape elementor-shape-bottom\" aria-hidden=\"true\" data-negative=\"false\">\n\t\t\t<svg xmlns=\"http:\/\/www.w3.org\/2000\/svg\" viewBox=\"0 0 1000 100\" preserveAspectRatio=\"none\">\n\t<path class=\"elementor-shape-fill\" d=\"M0,0c0,0,0,6,0,6.7c0,18,240.2,93.6,615.2,92.6C989.8,98.5,1000,25,1000,6.7c0-0.7,0-6.7,0-6.7H0z\"\/>\n<\/svg>\t\t<\/div>\n\t\t\t\t<\/div>\n\t\t\t\t<\/div>\n\t\t","protected":false},"excerpt":{"rendered":"<p>33 Ideen f\u00fcr Vendays-Montalivet mit kleinen Dingen Gro\u00dfes bewirken Liebe Nachbarinnen und Nachbarn, wir leben in Vendays-Montalivet \u2013 genau wie ihr \u2013 und haben den Verein \u201e33 Ideen f\u00fcr Vendays-Montalivet\u201c gegr\u00fcndet. Unser Ziel: Zur Kommunalwahl 2026 eine B\u00fcrgerliste aufzustellen \u2013 eine Liste von und f\u00fcr uns alle. Vendays-Montalivet ist schon heute ein lebenswerter Ort. Und [&hellip;]<\/p>\n","protected":false},"author":3,"featured_media":951,"parent":0,"menu_order":10,"comment_status":"closed","ping_status":"closed","template":"","meta":{"footnotes":""},"class_list":["post-945","page","type-page","status-publish","has-post-thumbnail","hentry"],"_links":{"self":[{"href":"https:\/\/33idees.fr\/de\/wp-json\/wp\/v2\/pages\/945","targetHints":{"allow":["GET"]}}],"collection":[{"href":"https:\/\/33idees.fr\/de\/wp-json\/wp\/v2\/pages"}],"about":[{"href":"https:\/\/33idees.fr\/de\/wp-json\/wp\/v2\/types\/page"}],"author":[{"embeddable":true,"href":"https:\/\/33idees.fr\/de\/wp-json\/wp\/v2\/users\/3"}],"replies":[{"embeddable":true,"href":"https:\/\/33idees.fr\/de\/wp-json\/wp\/v2\/comments?post=945"}],"version-history":[{"count":4,"href":"https:\/\/33idees.fr\/de\/wp-json\/wp\/v2\/pages\/945\/revisions"}],"predecessor-version":[{"id":1416,"href":"https:\/\/33idees.fr\/de\/wp-json\/wp\/v2\/pages\/945\/revisions\/1416"}],"wp:featuredmedia":[{"embeddable":true,"href":"https:\/\/33idees.fr\/de\/wp-json\/wp\/v2\/media\/951"}],"wp:attachment":[{"href":"https:\/\/33idees.fr\/de\/wp-json\/wp\/v2\/media?parent=945"}],"curies":[{"name":"wp","href":"https:\/\/api.w.org\/{rel}","templated":true}]}}