{"id":996,"date":"2025-09-10T09:57:25","date_gmt":"2025-09-10T09:57:25","guid":{"rendered":"https:\/\/33idees.fr\/datenschutzerklaerung\/"},"modified":"2025-09-20T14:43:27","modified_gmt":"2025-09-20T14:43:27","slug":"datenschutzerklaerung","status":"publish","type":"page","link":"https:\/\/33idees.fr\/de\/datenschutzerklaerung\/","title":{"rendered":"Datenschutzerkl\u00e4rung"},"content":{"rendered":"\t\t<div data-elementor-type=\"wp-page\" data-elementor-id=\"996\" class=\"elementor elementor-996 elementor-560\" data-elementor-post-type=\"page\">\n\t\t\t\t<div class=\"elementor-element elementor-element-298dbf8 e-con-full e-flex e-con e-parent\" data-id=\"298dbf8\" data-element_type=\"container\" data-e-type=\"container\" data-settings=\"{&quot;background_background&quot;:&quot;classic&quot;,&quot;shape_divider_top&quot;:&quot;curve-asymmetrical&quot;}\">\n\t\t\t\t<div class=\"elementor-shape elementor-shape-top\" aria-hidden=\"true\" data-negative=\"false\">\n\t\t\t<svg xmlns=\"http:\/\/www.w3.org\/2000\/svg\" viewBox=\"0 0 1000 100\" preserveAspectRatio=\"none\">\n\t<path class=\"elementor-shape-fill\" d=\"M0,0c0,0,0,6,0,6.7c0,18,240.2,93.6,615.2,92.6C989.8,98.5,1000,25,1000,6.7c0-0.7,0-6.7,0-6.7H0z\"\/>\n<\/svg>\t\t<\/div>\n\t\t\t\t<\/div>\n\t\t<div class=\"elementor-element elementor-element-0a82619 e-grid e-con-boxed e-con e-parent\" data-id=\"0a82619\" data-element_type=\"container\" data-e-type=\"container\" data-settings=\"{&quot;background_background&quot;:&quot;classic&quot;}\">\n\t\t\t\t\t<div class=\"e-con-inner\">\n\t\t<div class=\"elementor-element elementor-element-ed96442 e-con-full e-flex e-con e-child\" data-id=\"ed96442\" data-element_type=\"container\" data-e-type=\"container\" data-settings=\"{&quot;background_background&quot;:&quot;classic&quot;}\">\n\t\t\t\t<div class=\"elementor-element elementor-element-7a99cd3 elementor-widget elementor-widget-heading\" data-id=\"7a99cd3\" data-element_type=\"widget\" data-e-type=\"widget\" data-widget_type=\"heading.default\">\n\t\t\t\t<div class=\"elementor-widget-container\">\n\t\t\t\t\t<h2 class=\"elementor-heading-title elementor-size-default\">Datenschutzerkl\u00e4rung<\/h2>\t\t\t\t<\/div>\n\t\t\t\t<\/div>\n\t\t\t\t<div class=\"elementor-element elementor-element-5287738 elementor-widget elementor-widget-text-editor\" data-id=\"5287738\" data-element_type=\"widget\" data-e-type=\"widget\" data-widget_type=\"text-editor.default\">\n\t\t\t\t<div class=\"elementor-widget-container\">\n\t\t\t\t\t\t\t\t\t<p><strong>1. Allgemeiner \u00dcberblick<\/strong><\/p>\n<p>Der Schutz Ihrer pers\u00f6nlichen Daten ist uns sehr wichtig. Im Folgenden erfahren Sie, welche Daten beim Besuch dieser Website erfasst werden, zu welchen Zwecken sie verarbeitet werden und welche Rechte Sie gem\u00e4\u00df der Datenschutz-Grundverordnung (DSGVO) haben.<\/p>\n<p>\u2e3b<\/p>\n<p><strong>2. Verantwortliche Stelle<\/strong><\/p>\n<p>Verein \u201e33 Ideen f\u00fcr Vendays-Montalivet\u201c<br \/>Sitz: 46 avenue de l\u2019Europe, BP 63, 33930 Vendays-Montalivet, Frankreich<br \/>Kontakt: <strong><a href=\"mailto:bo*****@*****es.fr\" data-original-string=\"kj6sqjZwsQnXVXumx9GWyg==113NQ1mTr5JFSJVt2E6A55c7mrHYKu\/idcetZCfLmajflQ=\" title=\"Dieser Kontakt wurde von Anti-Spam by CleanTalk verschl\u00fcsselt. Klicken Sie hier, um ihn zu entschl\u00fcsseln. Um die Entschl\u00fcsselung abzuschlie\u00dfen, stellen Sie sicher, dass JavaScript in Ihrem Browser aktiviert ist.\"><span \n                data-original-string='g4CrBj3rqQtHyZPGZTo8Ig==113h4V4T8Ry\/1+NmJ3Nk7JmYdl6kPb3cmmCNEIW6VFJDiM='\n                class='apbct-email-encoder'\n                title='Dieser Kontakt wurde von Anti-Spam by CleanTalk verschl\u00fcsselt. Klicken Sie hier, um ihn zu entschl\u00fcsseln. Um die Entschl\u00fcsselung abzuschlie\u00dfen, stellen Sie sicher, dass JavaScript in Ihrem Browser aktiviert ist.'>bo<span class=\"apbct-blur\">*****<\/span>@<span class=\"apbct-blur\">*****<\/span>es.fr<\/span><\/a><\/strong><\/p>\n<p>Verantwortlich f\u00fcr die Ver\u00f6ffentlichung: Paula Scholemann, Vorsitzende.<\/p>\n<p>\u2e3b<\/p>\n<p><strong>3. Hosting<\/strong><\/p>\n<p>Diese Website wird gehostet von:<br \/>IONOS SARL<br \/>7, place de la Gare \u2013 BP 70109<br \/>57201 Sarreguemines Cedex \u2013 Frankreich<br \/>Tel.: 0970 808 911<\/p>\n<p>IONOS erfasst automatisch bestimmte technische Daten (IP-Adresse, Browsertyp, Datum und Uhrzeit des Zugriffs) in Logdateien, um den Betrieb und die Sicherheit der Website zu gew\u00e4hrleisten.<\/p>\n<p>\u2e3b<\/p>\n<p><strong>4. Datenerfassung<\/strong><\/p>\n<p><strong>Kontakt- und Anmeldeformulare<\/strong><br \/>Wenn Sie uns \u00fcber ein Formular kontaktieren oder sich f\u00fcr unseren Newsletter anmelden, werden die eingegebenen Daten (z.\u202fB. Name, E-Mail-Adresse, Nachricht) gespeichert, um Ihre Anfrage zu bearbeiten.<\/p>\n<p><strong>Newsletter (Brevo \/ Sendinblue)<\/strong><br \/>Der Versand unseres Newsletters erfolgt \u00fcber Brevo (Sendinblue) mit Sitz in Frankreich. Die \u00fcbermittelten Daten (E-Mail-Adresse, ggf. Name) werden ausschlie\u00dflich zum Versand des Newsletters verwendet. Sie k\u00f6nnen sich jederzeit \u00fcber den Link in jeder E-Mail abmelden.<\/p>\n<p><strong><a href=\"https:\/\/www.brevo.com\/fr\/legal\/privacypolicy\/\" target=\"_blank\" rel=\"noopener\">Datenschutzerkl\u00e4rung von Brevo<\/a><\/strong><\/p>\n<p><strong>E-Mails (WP Mail SMTP)<\/strong><br \/>Nachrichten, die \u00fcber die Website gesendet werden, werden \u00fcber den SMTP-Dienst unseres Hostinganbieters IONOS France \u00fcbermittelt.<\/p>\n<p>\u2e3b<\/p>\n<p><strong>5. Cookies und Einwilligung<\/strong><\/p>\n<p>Diese Website verwendet technische und Performance-Cookies.<\/p>\n<ul>\n<li>WP Fastest Cache: verbessert die Ladegeschwindigkeit der Seite.<\/li>\n<li>Borlabs Cookie: verwaltet und dokumentiert Ihre Einwilligungen.<\/li>\n<\/ul>\n<p>Sie k\u00f6nnen Ihre Einstellungen jederzeit \u00e4ndern oder Cookies in Ihrem Browser deaktivieren.<\/p>\n<p>\u2e3b<\/p>\n<p><strong>6. Sicherheit der Website<\/strong><\/p>\n<p>Wir verwenden Wordfence Security, um die Website vor unbefugten Zugriffsversuchen und Cyberangriffen zu sch\u00fctzen. Zu diesem Zweck wird die IP-Adresse der Besucher tempor\u00e4r gespeichert und mit bekannten Blacklists abgeglichen.<\/p>\n<p>\u2e3b<\/p>\n<p><strong>7. Ihre Rechte<\/strong><\/p>\n<p>Gem\u00e4\u00df DSGVO haben Sie folgende Rechte:<\/p>\n<ul>\n<li>Recht auf Auskunft, Berichtigung und L\u00f6schung Ihrer Daten,<\/li>\n<li>Recht auf Einschr\u00e4nkung der Verarbeitung und Widerspruch,<\/li>\n<li>Recht auf Daten\u00fcbertragbarkeit,<\/li>\n<li>Recht auf Beschwerde bei der CNIL (www.cnil.fr).<\/li>\n<\/ul>\n<p>Um Ihre Rechte auszu\u00fcben, kontaktieren Sie uns bitte unter: <strong><a href=\"mailto:bo*****@*****es.fr\" data-original-string=\"HunTe2VFZJMC\/sLiXSQbaQ==1134lh1kL+mZpSJwo6Eczl4ecrljOfy8Bab0iTYVc4I8a8=\" title=\"Dieser Kontakt wurde von Anti-Spam by CleanTalk verschl\u00fcsselt. Klicken Sie hier, um ihn zu entschl\u00fcsseln. Um die Entschl\u00fcsselung abzuschlie\u00dfen, stellen Sie sicher, dass JavaScript in Ihrem Browser aktiviert ist.\"><span \n                data-original-string='1nROOtN6OTkj6M5dSOxU+w==113W2ckg5uYdRYLBS6GUEo5KgfY5cc9W9Mqp+xJiqY\/nS8='\n                class='apbct-email-encoder'\n                title='Dieser Kontakt wurde von Anti-Spam by CleanTalk verschl\u00fcsselt. Klicken Sie hier, um ihn zu entschl\u00fcsseln. Um die Entschl\u00fcsselung abzuschlie\u00dfen, stellen Sie sicher, dass JavaScript in Ihrem Browser aktiviert ist.'>bo<span class=\"apbct-blur\">*****<\/span>@<span class=\"apbct-blur\">*****<\/span>es.fr<\/span><\/a><\/strong><\/p>\n<p>\u2e3b<\/p>\n<p><strong>8. Datensicherheit<\/strong><\/p>\n<p>Diese Website nutzt eine SSL-\/TLS-Verschl\u00fcsselung, um die \u00dcbertragung Ihrer Daten zu sch\u00fctzen. Eine verschl\u00fcsselte Verbindung erkennen Sie an der Adresse \u201ehttps:\/\/\u201c sowie dem Schloss-Symbol in Ihrer Browserleiste.<\/p>\n\t\t\t\t\t\t\t\t<\/div>\n\t\t\t\t<\/div>\n\t\t\t\t<\/div>\n\t\t\t\t\t<\/div>\n\t\t\t\t<\/div>\n\t\t<div class=\"elementor-element elementor-element-366a8ae e-con-full e-flex e-con e-parent\" data-id=\"366a8ae\" data-element_type=\"container\" data-e-type=\"container\" data-settings=\"{&quot;background_background&quot;:&quot;classic&quot;,&quot;shape_divider_bottom&quot;:&quot;curve-asymmetrical&quot;}\">\n\t\t\t\t<div class=\"elementor-shape elementor-shape-bottom\" aria-hidden=\"true\" data-negative=\"false\">\n\t\t\t<svg xmlns=\"http:\/\/www.w3.org\/2000\/svg\" viewBox=\"0 0 1000 100\" preserveAspectRatio=\"none\">\n\t<path class=\"elementor-shape-fill\" d=\"M0,0c0,0,0,6,0,6.7c0,18,240.2,93.6,615.2,92.6C989.8,98.5,1000,25,1000,6.7c0-0.7,0-6.7,0-6.7H0z\"\/>\n<\/svg>\t\t<\/div>\n\t\t\t\t<\/div>\n\t\t\t\t<\/div>\n\t\t","protected":false},"excerpt":{"rendered":"<p>Datenschutzerkl\u00e4rung 1. Allgemeiner \u00dcberblick Der Schutz Ihrer pers\u00f6nlichen Daten ist uns sehr wichtig. Im Folgenden erfahren Sie, welche Daten beim Besuch dieser Website erfasst werden, zu welchen Zwecken sie verarbeitet werden und welche Rechte Sie gem\u00e4\u00df der Datenschutz-Grundverordnung (DSGVO) haben. \u2e3b 2. Verantwortliche Stelle Verein \u201e33 Ideen f\u00fcr Vendays-Montalivet\u201cSitz: 46 avenue de l\u2019Europe, BP 63, [&hellip;]<\/p>\n","protected":false},"author":3,"featured_media":0,"parent":0,"menu_order":50,"comment_status":"closed","ping_status":"closed","template":"","meta":{"footnotes":""},"class_list":["post-996","page","type-page","status-publish","hentry"],"_links":{"self":[{"href":"https:\/\/33idees.fr\/de\/wp-json\/wp\/v2\/pages\/996","targetHints":{"allow":["GET"]}}],"collection":[{"href":"https:\/\/33idees.fr\/de\/wp-json\/wp\/v2\/pages"}],"about":[{"href":"https:\/\/33idees.fr\/de\/wp-json\/wp\/v2\/types\/page"}],"author":[{"embeddable":true,"href":"https:\/\/33idees.fr\/de\/wp-json\/wp\/v2\/users\/3"}],"replies":[{"embeddable":true,"href":"https:\/\/33idees.fr\/de\/wp-json\/wp\/v2\/comments?post=996"}],"version-history":[{"count":1,"href":"https:\/\/33idees.fr\/de\/wp-json\/wp\/v2\/pages\/996\/revisions"}],"predecessor-version":[{"id":997,"href":"https:\/\/33idees.fr\/de\/wp-json\/wp\/v2\/pages\/996\/revisions\/997"}],"wp:attachment":[{"href":"https:\/\/33idees.fr\/de\/wp-json\/wp\/v2\/media?parent=996"}],"curies":[{"name":"wp","href":"https:\/\/api.w.org\/{rel}","templated":true}]}}